{"id":13,"date":"2025-02-25T17:40:50","date_gmt":"2025-02-25T16:40:50","guid":{"rendered":"https:\/\/awggucx.cluster027.hosting.ovh.net\/?page_id=13"},"modified":"2025-03-04T16:32:12","modified_gmt":"2025-03-04T15:32:12","slug":"elementor-13","status":"publish","type":"page","link":"https:\/\/www.microcanap.com\/","title":{"rendered":"Micro Canap&rsquo; arrive bient\u00f4t !"},"content":{"rendered":"\t\t<div data-elementor-type=\"wp-post\" data-elementor-id=\"13\" class=\"elementor elementor-13\">\n\t\t\t\t<div class=\"elementor-element elementor-element-e654dc1 e-con-full e-flex e-con e-parent\" data-id=\"e654dc1\" data-element_type=\"container\">\n\t\t\t\t<\/div>\n\t\t<div class=\"elementor-element elementor-element-39e89b9 e-grid e-con-boxed e-con e-parent\" data-id=\"39e89b9\" data-element_type=\"container\">\n\t\t\t\t\t<div class=\"e-con-inner\">\n\t\t<div class=\"elementor-element elementor-element-6335a58 e-con-full e-flex e-con e-child\" data-id=\"6335a58\" data-element_type=\"container\">\n\t\t\t\t<div class=\"elementor-element elementor-element-99615e0 elementor-widget elementor-widget-image\" data-id=\"99615e0\" data-element_type=\"widget\" data-widget_type=\"image.default\">\n\t\t\t\t<div class=\"elementor-widget-container\">\n\t\t\t\t\t\t\t\t\t\t\t\t\t\t\t<img decoding=\"async\" width=\"300\" height=\"109\" src=\"https:\/\/www.microcanap.com\/wp-content\/uploads\/2025\/02\/logo_pastille_noir@1.5x-300x109.webp\" class=\"attachment-medium size-medium wp-image-10\" alt=\"\" srcset=\"https:\/\/www.microcanap.com\/wp-content\/uploads\/2025\/02\/logo_pastille_noir@1.5x-300x109.webp 300w, https:\/\/www.microcanap.com\/wp-content\/uploads\/2025\/02\/logo_pastille_noir@1.5x-1024x371.webp 1024w, https:\/\/www.microcanap.com\/wp-content\/uploads\/2025\/02\/logo_pastille_noir@1.5x-768x278.webp 768w, https:\/\/www.microcanap.com\/wp-content\/uploads\/2025\/02\/logo_pastille_noir@1.5x.webp 1313w\" sizes=\"(max-width: 300px) 100vw, 300px\" \/>\t\t\t\t\t\t\t\t\t\t\t\t\t\t\t<\/div>\n\t\t\t\t<\/div>\n\t\t\t\t<div class=\"elementor-element elementor-element-80fa394 elementor-widget elementor-widget-heading\" data-id=\"80fa394\" data-element_type=\"widget\" data-widget_type=\"heading.default\">\n\t\t\t\t<div class=\"elementor-widget-container\">\n\t\t\t\t\t<h2 class=\"elementor-heading-title elementor-size-default\">ARRIVE BIENT\u00d4T !<\/h2>\t\t\t\t<\/div>\n\t\t\t\t<\/div>\n\t\t\t\t<div class=\"elementor-element elementor-element-5a82f19 elementor-widget elementor-widget-heading\" data-id=\"5a82f19\" data-element_type=\"widget\" data-widget_type=\"heading.default\">\n\t\t\t\t<div class=\"elementor-widget-container\">\n\t\t\t\t\t<h2 class=\"elementor-heading-title elementor-size-default\">En attendant, vous pouvez regarder et \u00e9couter les \u00e9missions sur toutes les plateformes de podcast et suivre Micro Canap' sur les r\u00e9seaux sociaux !<\/h2>\t\t\t\t<\/div>\n\t\t\t\t<\/div>\n\t\t<div class=\"elementor-element elementor-element-7d3cd22 e-grid e-con-boxed e-con e-child\" data-id=\"7d3cd22\" data-element_type=\"container\">\n\t\t\t\t\t<div class=\"e-con-inner\">\n\t\t\t\t<div class=\"elementor-element elementor-element-4389dd9 elementor-widget elementor-widget-image\" data-id=\"4389dd9\" data-element_type=\"widget\" data-widget_type=\"image.default\">\n\t\t\t\t<div class=\"elementor-widget-container\">\n\t\t\t\t\t\t\t\t\t\t\t\t\t\t\t\t<a href=\"https:\/\/www.facebook.com\/p\/Micro-Canap-61550522024680\/\">\n\t\t\t\t\t\t\t<img fetchpriority=\"high\" decoding=\"async\" width=\"224\" height=\"225\" src=\"https:\/\/www.microcanap.com\/wp-content\/uploads\/2025\/02\/logo_fb_vert@2x.webp\" class=\"attachment-full size-full wp-image-19\" alt=\"\" srcset=\"https:\/\/www.microcanap.com\/wp-content\/uploads\/2025\/02\/logo_fb_vert@2x.webp 224w, https:\/\/www.microcanap.com\/wp-content\/uploads\/2025\/02\/logo_fb_vert@2x-150x150.webp 150w\" sizes=\"(max-width: 224px) 100vw, 224px\" \/>\t\t\t\t\t\t\t\t<\/a>\n\t\t\t\t\t\t\t\t\t\t\t\t\t\t\t<\/div>\n\t\t\t\t<\/div>\n\t\t\t\t<div class=\"elementor-element elementor-element-594bc58 elementor-widget elementor-widget-image\" data-id=\"594bc58\" data-element_type=\"widget\" data-widget_type=\"image.default\">\n\t\t\t\t<div class=\"elementor-widget-container\">\n\t\t\t\t\t\t\t\t\t\t\t\t\t\t\t\t<a href=\"https:\/\/www.instagram.com\/microcanap\/\">\n\t\t\t\t\t\t\t<img decoding=\"async\" width=\"220\" height=\"220\" src=\"https:\/\/www.microcanap.com\/wp-content\/uploads\/2025\/02\/logo_insta_rouge@2x.webp\" class=\"attachment-full size-full wp-image-20\" alt=\"\" srcset=\"https:\/\/www.microcanap.com\/wp-content\/uploads\/2025\/02\/logo_insta_rouge@2x.webp 220w, https:\/\/www.microcanap.com\/wp-content\/uploads\/2025\/02\/logo_insta_rouge@2x-150x150.webp 150w\" sizes=\"(max-width: 220px) 100vw, 220px\" \/>\t\t\t\t\t\t\t\t<\/a>\n\t\t\t\t\t\t\t\t\t\t\t\t\t\t\t<\/div>\n\t\t\t\t<\/div>\n\t\t\t\t<div class=\"elementor-element elementor-element-e96b299 elementor-widget elementor-widget-image\" data-id=\"e96b299\" data-element_type=\"widget\" data-widget_type=\"image.default\">\n\t\t\t\t<div class=\"elementor-widget-container\">\n\t\t\t\t\t\t\t\t\t\t\t\t\t\t\t\t<a href=\"https:\/\/www.linkedin.com\/company\/micro-canap\/?originalSubdomain=fr\">\n\t\t\t\t\t\t\t<img loading=\"lazy\" decoding=\"async\" width=\"224\" height=\"224\" src=\"https:\/\/www.microcanap.com\/wp-content\/uploads\/2025\/02\/logo_linkedin_orange@2x.webp\" class=\"attachment-full size-full wp-image-21\" alt=\"\" srcset=\"https:\/\/www.microcanap.com\/wp-content\/uploads\/2025\/02\/logo_linkedin_orange@2x.webp 224w, https:\/\/www.microcanap.com\/wp-content\/uploads\/2025\/02\/logo_linkedin_orange@2x-150x150.webp 150w\" sizes=\"(max-width: 224px) 100vw, 224px\" \/>\t\t\t\t\t\t\t\t<\/a>\n\t\t\t\t\t\t\t\t\t\t\t\t\t\t\t<\/div>\n\t\t\t\t<\/div>\n\t\t\t\t<div class=\"elementor-element elementor-element-51c4f7d elementor-widget elementor-widget-image\" data-id=\"51c4f7d\" data-element_type=\"widget\" data-widget_type=\"image.default\">\n\t\t\t\t<div class=\"elementor-widget-container\">\n\t\t\t\t\t\t\t\t\t\t\t\t\t\t\t\t<a href=\"https:\/\/www.youtube.com\/@MicroCanap\">\n\t\t\t\t\t\t\t<img loading=\"lazy\" decoding=\"async\" width=\"224\" height=\"224\" src=\"https:\/\/www.microcanap.com\/wp-content\/uploads\/2025\/02\/logo_youtube_rose@2x.webp\" class=\"attachment-full size-full wp-image-16\" alt=\"\" srcset=\"https:\/\/www.microcanap.com\/wp-content\/uploads\/2025\/02\/logo_youtube_rose@2x.webp 224w, https:\/\/www.microcanap.com\/wp-content\/uploads\/2025\/02\/logo_youtube_rose@2x-150x150.webp 150w\" sizes=\"(max-width: 224px) 100vw, 224px\" \/>\t\t\t\t\t\t\t\t<\/a>\n\t\t\t\t\t\t\t\t\t\t\t\t\t\t\t<\/div>\n\t\t\t\t<\/div>\n\t\t\t\t\t<\/div>\n\t\t\t\t<\/div>\n\t\t<div class=\"elementor-element elementor-element-c27f75c e-grid e-con-boxed e-con e-child\" data-id=\"c27f75c\" data-element_type=\"container\">\n\t\t\t\t\t<div class=\"e-con-inner\">\n\t\t\t\t<div class=\"elementor-element elementor-element-eaa0ced elementor-widget-tablet__width-inherit elementor-widget elementor-widget-image\" data-id=\"eaa0ced\" data-element_type=\"widget\" data-widget_type=\"image.default\">\n\t\t\t\t<div class=\"elementor-widget-container\">\n\t\t\t\t\t\t\t\t\t\t\t\t\t\t\t\t<a href=\"https:\/\/www.deezer.com\/en\/show\/1000344981\">\n\t\t\t\t\t\t\t<img loading=\"lazy\" decoding=\"async\" width=\"150\" height=\"150\" src=\"https:\/\/www.microcanap.com\/wp-content\/uploads\/2025\/02\/logo_deezer_rose@3x-150x150.webp\" class=\"attachment-thumbnail size-thumbnail wp-image-18\" alt=\"\" srcset=\"https:\/\/www.microcanap.com\/wp-content\/uploads\/2025\/02\/logo_deezer_rose@3x-150x150.webp 150w, https:\/\/www.microcanap.com\/wp-content\/uploads\/2025\/02\/logo_deezer_rose@3x-300x300.webp 300w, https:\/\/www.microcanap.com\/wp-content\/uploads\/2025\/02\/logo_deezer_rose@3x.webp 336w\" sizes=\"(max-width: 150px) 100vw, 150px\" \/>\t\t\t\t\t\t\t\t<\/a>\n\t\t\t\t\t\t\t\t\t\t\t\t\t\t\t<\/div>\n\t\t\t\t<\/div>\n\t\t\t\t<div class=\"elementor-element elementor-element-6dc5155 elementor-widget-tablet__width-inherit elementor-widget elementor-widget-image\" data-id=\"6dc5155\" data-element_type=\"widget\" data-widget_type=\"image.default\">\n\t\t\t\t<div class=\"elementor-widget-container\">\n\t\t\t\t\t\t\t\t\t\t\t\t\t\t\t\t<a href=\"https:\/\/open.spotify.com\/show\/4fnunNgwGuhYh2wUArqFko?si=1213e06c14b848f6\">\n\t\t\t\t\t\t\t<img loading=\"lazy\" decoding=\"async\" width=\"150\" height=\"150\" src=\"https:\/\/www.microcanap.com\/wp-content\/uploads\/2025\/02\/logo_spotify_orange@3x-150x150.webp\" class=\"attachment-thumbnail size-thumbnail wp-image-15\" alt=\"\" srcset=\"https:\/\/www.microcanap.com\/wp-content\/uploads\/2025\/02\/logo_spotify_orange@3x-150x150.webp 150w, https:\/\/www.microcanap.com\/wp-content\/uploads\/2025\/02\/logo_spotify_orange@3x-300x300.webp 300w, https:\/\/www.microcanap.com\/wp-content\/uploads\/2025\/02\/logo_spotify_orange@3x.webp 336w\" sizes=\"(max-width: 150px) 100vw, 150px\" \/>\t\t\t\t\t\t\t\t<\/a>\n\t\t\t\t\t\t\t\t\t\t\t\t\t\t\t<\/div>\n\t\t\t\t<\/div>\n\t\t\t\t<div class=\"elementor-element elementor-element-6309da4 elementor-widget-tablet__width-inherit elementor-widget elementor-widget-image\" data-id=\"6309da4\" data-element_type=\"widget\" data-widget_type=\"image.default\">\n\t\t\t\t<div class=\"elementor-widget-container\">\n\t\t\t\t\t\t\t\t\t\t\t\t\t\t\t\t<a href=\"https:\/\/podcasts.apple.com\/us\/podcast\/micro-canap\/id1711563845\">\n\t\t\t\t\t\t\t<img loading=\"lazy\" decoding=\"async\" width=\"150\" height=\"150\" src=\"https:\/\/www.microcanap.com\/wp-content\/uploads\/2025\/02\/logo_apple_podcast_vert@3x-150x150.webp\" class=\"attachment-thumbnail size-thumbnail wp-image-17\" alt=\"\" srcset=\"https:\/\/www.microcanap.com\/wp-content\/uploads\/2025\/02\/logo_apple_podcast_vert@3x-150x150.webp 150w, https:\/\/www.microcanap.com\/wp-content\/uploads\/2025\/02\/logo_apple_podcast_vert@3x-300x300.webp 300w, https:\/\/www.microcanap.com\/wp-content\/uploads\/2025\/02\/logo_apple_podcast_vert@3x.webp 335w\" sizes=\"(max-width: 150px) 100vw, 150px\" \/>\t\t\t\t\t\t\t\t<\/a>\n\t\t\t\t\t\t\t\t\t\t\t\t\t\t\t<\/div>\n\t\t\t\t<\/div>\n\t\t\t\t\t<\/div>\n\t\t\t\t<\/div>\n\t\t\t\t<div class=\"elementor-element elementor-element-d84d5b5 elementor-hidden-mobile elementor-widget elementor-widget-spacer\" data-id=\"d84d5b5\" data-element_type=\"widget\" data-widget_type=\"spacer.default\">\n\t\t\t\t<div class=\"elementor-widget-container\">\n\t\t\t\t\t\t\t<div class=\"elementor-spacer\">\n\t\t\t<div class=\"elementor-spacer-inner\"><\/div>\n\t\t<\/div>\n\t\t\t\t\t\t<\/div>\n\t\t\t\t<\/div>\n\t\t\t\t<\/div>\n\t\t<div class=\"elementor-element elementor-element-4efd3ea e-con-full e-flex e-con e-child\" data-id=\"4efd3ea\" data-element_type=\"container\">\n\t\t\t\t<div class=\"elementor-element elementor-element-e8d2155 elementor-widget elementor-widget-image\" data-id=\"e8d2155\" data-element_type=\"widget\" data-widget_type=\"image.default\">\n\t\t\t\t<div class=\"elementor-widget-container\">\n\t\t\t\t\t\t\t\t\t\t\t\t\t\t\t<img loading=\"lazy\" decoding=\"async\" width=\"576\" height=\"1024\" src=\"https:\/\/www.microcanap.com\/wp-content\/uploads\/2025\/02\/IMG_9559-576x1024.jpeg\" class=\"attachment-large size-large wp-image-9\" alt=\"\" srcset=\"https:\/\/www.microcanap.com\/wp-content\/uploads\/2025\/02\/IMG_9559-576x1024.jpeg 576w, https:\/\/www.microcanap.com\/wp-content\/uploads\/2025\/02\/IMG_9559-169x300.jpeg 169w, https:\/\/www.microcanap.com\/wp-content\/uploads\/2025\/02\/IMG_9559-768x1365.jpeg 768w, https:\/\/www.microcanap.com\/wp-content\/uploads\/2025\/02\/IMG_9559-864x1536.jpeg 864w, https:\/\/www.microcanap.com\/wp-content\/uploads\/2025\/02\/IMG_9559-1152x2048.jpeg 1152w, https:\/\/www.microcanap.com\/wp-content\/uploads\/2025\/02\/IMG_9559-scaled.jpeg 1440w\" sizes=\"(max-width: 576px) 100vw, 576px\" \/>\t\t\t\t\t\t\t\t\t\t\t\t\t\t\t<\/div>\n\t\t\t\t<\/div>\n\t\t\t\t<\/div>\n\t\t\t\t\t<\/div>\n\t\t\t\t<\/div>\n\t\t\t\t<\/div>\n\t\t","protected":false},"excerpt":{"rendered":"<p>ARRIVE BIENT\u00d4T ! En attendant, vous pouvez regarder et \u00e9couter les \u00e9missions sur toutes les plateformes de podcast et suivre Micro Canap&rsquo; sur les r\u00e9seaux sociaux !<\/p>\n","protected":false},"author":1,"featured_media":0,"parent":0,"menu_order":0,"comment_status":"closed","ping_status":"closed","template":"","meta":{"footnotes":""},"class_list":["post-13","page","type-page","status-publish","hentry"],"_links":{"self":[{"href":"https:\/\/www.microcanap.com\/index.php?rest_route=\/wp\/v2\/pages\/13","targetHints":{"allow":["GET"]}}],"collection":[{"href":"https:\/\/www.microcanap.com\/index.php?rest_route=\/wp\/v2\/pages"}],"about":[{"href":"https:\/\/www.microcanap.com\/index.php?rest_route=\/wp\/v2\/types\/page"}],"author":[{"embeddable":true,"href":"https:\/\/www.microcanap.com\/index.php?rest_route=\/wp\/v2\/users\/1"}],"replies":[{"embeddable":true,"href":"https:\/\/www.microcanap.com\/index.php?rest_route=%2Fwp%2Fv2%2Fcomments&post=13"}],"version-history":[{"count":55,"href":"https:\/\/www.microcanap.com\/index.php?rest_route=\/wp\/v2\/pages\/13\/revisions"}],"predecessor-version":[{"id":82,"href":"https:\/\/www.microcanap.com\/index.php?rest_route=\/wp\/v2\/pages\/13\/revisions\/82"}],"wp:attachment":[{"href":"https:\/\/www.microcanap.com\/index.php?rest_route=%2Fwp%2Fv2%2Fmedia&parent=13"}],"curies":[{"name":"wp","href":"https:\/\/api.w.org\/{rel}","templated":true}]}}